{"id":41,"date":"2023-02-13T09:38:31","date_gmt":"2023-02-13T09:38:31","guid":{"rendered":"https:\/\/kameleoni.biz\/?page_id=41"},"modified":"2023-02-27T17:49:03","modified_gmt":"2023-02-27T17:49:03","slug":"kontakti","status":"publish","type":"page","link":"https:\/\/kameleoni.biz\/index.php\/kontakti\/","title":{"rendered":"Kontakti"},"content":{"rendered":"\n    \n    <section class=\"u-clearfix u-grey-10 u-section-2\" id=\"carousel_7b58\">\n      <div class=\"u-clearfix u-sheet u-sheet-1\"><\/div>\n    <\/section>\n    <section class=\"u-clearfix u-valign-middle-xs u-section-3\" id=\"carousel_d429\">\n      <div class=\"u-clearfix u-expanded-width-lg u-expanded-width-md u-expanded-width-sm u-expanded-width-xl u-layout-wrap u-layout-wrap-1\">\n        <div class=\"u-layout\">\n          <div class=\"u-layout-row\">\n            <div class=\"u-container-style u-layout-cell u-size-20-lg u-size-20-xl u-size-30-md u-size-30-sm u-size-30-xs u-layout-cell-1\">\n              <div class=\"u-container-layout u-container-layout-1\">\n                <div class=\"u-expanded u-grey-light-2 u-map u-map-1\">\n                  <div class=\"embed-responsive\">\n                    <iframe class=\"embed-responsive-item\" src=\"\/\/maps.google.com\/maps?output=embed&amp;q=%E2%80%8B%E2%80%8BKameleoni%2C%20Rruga%20e%20Pej%C3%ABs%20&amp;z=16&amp;t=k\" data-map=\"JTdCJTIycG9zaXRpb25UeXBlJTIyJTNBJTIybWFwLWFkZHJlc3MlMjIlMkMlMjJhZGRyZXNzJTIyJTNBJTIyJUUyJTgwJThCJUUyJTgwJThCS2FtZWxlb25pJTJDJTIwUnJ1Z2ElMjBlJTIwUGVqJUMzJUFCcyUyMCUyMiUyQyUyMnpvb20lMjIlM0ExNiUyQyUyMnR5cGVJZCUyMiUzQSUyMnNhdGVsbGl0ZSUyMiUyQyUyMmxhbmclMjIlM0FudWxsJTJDJTIyYXBpS2V5JTIyJTNBbnVsbCUyQyUyMm1hcmtlcnMlMjIlM0ElNUIlNUQlN0Q=\"><\/iframe>\n                  <\/div>\n                <\/div>\n              <\/div>\n            <\/div>\n            <div class=\"u-align-center-md u-align-center-sm u-align-center-xs u-align-left-lg u-align-left-xl u-container-style u-grey-10 u-layout-cell u-size-20-lg u-size-20-xl u-size-30-md u-size-30-sm u-size-30-xs u-layout-cell-2\">\n              <div class=\"u-container-layout u-valign-top-lg u-valign-top-md u-valign-top-xl u-container-layout-2\">\n                <h2 class=\"u-custom-font u-font-montserrat u-text u-text-1\">Na Tak\u200boni<\/h2>\n                <div class=\"u-expanded-width u-list u-list-1\">\n                  <div class=\"u-repeater u-repeater-1\">\n                    <div class=\"u-container-style u-list-item u-repeater-item u-shape-rectangle\">\n                      <div class=\"u-container-layout u-similar-container u-container-layout-3\"><span class=\"u-file-icon u-icon u-text-black u-icon-1\"><img src=\"data:image\/png;base64,iVBORw0KGgoAAAANSUhEUgAAAIAAAACACAYAAADDPmHLAAAAAXNSR0IArs4c6QAAET9JREFUeF7tnQf0LTURxj\/sFSsglqPYDxbsHRV9NuxdsfcKiliwoij2jlgRBSuKvWLD3hV774rYn71iOb\/\/yz7v25dJsrvJ7t57M+f8D49zs9lk8m3KzDeTHVRGLibpVpI2STq3pHNI+qukEyV9W9JbJb1D0u\/LvL7WmqqBHVILJpbbVdLhkvZOKP83SQ+XdJik\/yaUr0UKaCAnAG7nBvOsHdv5Pkl3l3RCx+dq8QwayAGAs0l6kaRbD2jPZkn3k3T0gDrqoz00MBQAF5T0IUnn6fFu3yNPk3RgprpqNQkaGAIABv84t8lLeFVykWdKelhy6VpwkAb6AiB18E+SdLykz0jaRdJVJZ0zocXPkfSQhHK1yEAN9AFA6uAfJWk\/SX9otfH6kvhtp0jbny\/pQQP7Vx+PaKArAFIG\/4+S7inpjYF3Mwu8XtKekfZxRNy3HhPL4bgLAFIGn6\/9em7Kj7X61JLeIukGkYIvlPSAWGX1934aSAVA7sFvWgsIjpF0o7oc9BvAoU+lAKDU4DdtP5VbLm4S6Uw9HQwdbc\/zMQCUHvymSad0RqCbR\/pY7QSZQRACwFiDvwiC10m6ZaSPT5f0iMx6WNvqLADs7DZy5wtopsuGL1XBp5D0BkmxmeAZzpGUWm8tZ2jABwA2Zlj4rjzy4C\/OBG+SdOO6JyiPWx8AXiNpn4kGf\/F0AGcAo1FIniXpoeXVtLpvaAPgNhGPXIlp39LuaRxxBLtCSJ4t6YDVHaKyPVsEwOkkfSvg2YPAsVeikSdXqysIcmkyYQ\/wJEmPDrwPf\/2LC7fHV30qCKoDqcfgNDMAX\/8vJZ3BqOPtkm7ao\/5cj6SC4CBJB+d66TrU0wDg9pJea3T4F5IuIek3EyskFQT0BUdTlQQNNAB4p6QbGuUheL4noa4xiqSA4O+SLiPpm2M0aNnfAQCY9uHkYYRpy88lnWtmnUwBwfslXXdm7Z5lcwDAFSV92mjdqyTdeYYtBwTsS64TaBuGJGa2KgENAAAo2S83ytzFsXfmqMSzSPqiJMtcPfXGdY46265NAABDyv5Ga4nqmTNf\/3KSPiEJl3Jb\/ul4iDX6KDIDwMXHAtiWH0i6wBLAGMYQNgqfsLF99xL0YbImMgPAyPG5YGHzspueuxCDaPEP7yvpJXPvwJTtAwDw8m7macQXJDHFzl0gmFrL1BMkPX7uHZiyfQCAKF0fJ+9zkq4wZeMS3301SR8zykIrh15exdAAAGCN9DFzP+uOiHNX3mMD5t9buBlu7n2YrH0AABoWkb1t+ZGk3SZrWdqLd3SRR+c3inNE\/HFaVetZCgBAtCROvy2EdcEO+s+MVWNtYGkyxq0Qq2nG3RqvaQCAoIsXGK8k6vdn4zWn05sggUAVt2Qq93WnTkxdGABgMsVq5hM2WBha5ib3dtwEi9T6YUnXnvnsNQudosA9JH3JaM39XfKHWTTWNeIekl4myRp8HFuXnPHMNSddbigRxwpcP585lSNiLGJnzA4RdPrSwODTFjKVsDeokqCB5iv6lKQrecr\/RRI5f7CrTy3MRuxVQsEsR0hihqiSqIFGmWymLGYtLtcPJNZXqtiDJcH5Cwl7FRjEgLZKogYaAGAwIRjDJ1PTrgkDe2qkP8xgDP6fEvtdizkNNAAgfQvcP59Ardp9Io2FrHxNk0g\/A\/uHxBRVOmpgcT0lJuAixvNTWNRiNHWayrSPGbt++R0Hvim+CICnBFK0jW1UIQI4limMsz5OrLrm9xx8HlsEAK5fPIA+GZNe9URJj4n0CdIncQpEK1UZoIH2kQoH0Hk99f1ZEhlBSx8Hmc7fFTnq4b1k0\/qPAf2uj7Y2gY1CQvzAMVyrsJAuFRgdIoZvOwIQ1wYg7RmARI4fN3pPzoBrFdQMLN\/fBeqH9kXYOl7KKpk00AYA\/\/9DYxnglYSIfS3Tu9vVEJhCVM\/JPfWzN8G1++9C717ban1m1ZDhBYIlRMtSYu1BWO85olZyR2bN+wDAZg8OAE6itnDrB6Fipbj2FjuJdhwp6a6Z+7\/21VmOFSKFiBjyCSlZSM1SQrhq5iuSTuapHGYSbt6vl3jxutZpAeDSLuzKpxf2CKSQK0UVI0ydEG+fvM2gsK\/r+A3ud8i1ymmAU4FPMMJYLKKhjWKt5yv3bQap+yqScP5UyaCBEAA4b1uJFnAPhyJzhzaN9d6KSiYG4OpDX1Cf36KBEABI38qum5vAfMLs8MlCiiQmEeeUL2cBr3ygu6Cq0OvXp9oQANDC4yQRXuUTPHGQRksJvD8oYD7BXoDvom4IB2o\/BgAufGTT5zsS8mpiCtmYlRB8ElwySWyCT77qQtcAQ5WeGogBgGpDrlnIIlgHS1nouDcodOSs18r0HPjmsRQAYKP\/viT+65N7udtCBzbF+zjtOzay4aw5AAZoPgUAVA85g5nAJySSupC7G3hAU8xH2YQy3WOh9MmvnIGIPIdVOmogFQDsAb4TSCNLhtEnd3x3l+LsNchjYAnXz5LOrtRS1KWtS1U2FQB0Cjv8K4zeEVjC0e23BXuPI4qQMEu4vpbYgSodNNAFANjnvyzp4kb9h7p7Aju8vlNR0tmSFcwirlIZUc5cJlElUQNdAECVbLis3Hv4BjAOWTkHE5sULEbOIurHSOUTrqEn1wG3jlRJ0EBXAFAlbNxrGHVjvYPSVZKvFwsLxy6waaZRzQlDMm6RPgAgbxBfofUsUTyPLNyNkJWQV7MXgUH03cLtWPrq+wCAThOkad3myU6cQNPPF9QOPgKWotBtItguAMGvC7Zj6avuCwASTHM2t9K0whu8bGH27hklfTTCIoZljNey5OlkqUHQFwB0mnWWAA1LCPDAmVRSyBHIckQqG0tgGJEtZOr7DkrqoXfdQwDAS0Nr8b+cs8bKPtK70a0HOZZCXjlToEJmJECA1bDKggaGAgCl45K17hRg8C8\/ApefweVSC+t4SJdxXBHXYEVBryUwhgIApYVsA\/xO0OmjRtDuHR1z2EcobV6PexkQ4L+YgxCWf1G3hGHogo0NCecbkrBpFJccAKCRR0m6k9FaOoItvxSHcPG1mKthNIdAwNEQEEyV\/o5ZCg8qBisMZ7620jYioTBvFz3K5gIAeYRYCiCQ+ARfAacCjmalBSC+MgICZgCSX5EQe0zBa8rNrCyLKUIwLqlxyJVAgG52yQUAGsaFz28OtBA\/AufyMUK67+CWA4tZTDMJcoF4aqXGya1svnoG8\/Q9Kmbp4hpdIqeySk4A0LDDIh45lgquoRlDiC3gzqMQCFieyEVQ0pXN7Miy5EvJ30UP8B1weeMQyya5AUCuQYwzXERlyZjZRqC2vzrALm7aSBkIqLl9GDtJ+qCjzeUYtOx3N+cGAJ3kniFQSud9wroGm9jKRpJDUYt1kDiSdTd0RKQ8FHe+0lym49yD3\/QpKwhKAICGci6Hy2dNvz9xm8KxrHMEkrA\/sWhljXJPlHQ31\/YhQEwdfI58MJ0IdiE3AtZV\/Buxm1qygaAUAFAeHsHQ2ooZmY1NqRjD9gDCWMKBxLk7JOwL2MtALumzYU0dfGIgCbX3ZTgDhBwBLUo87c8CgpIAoG5SuoRyDY9N4zqzI4ukhLXBbeA00WXTlTL4eEuhrpHzOCQcFcmXZC2lWUBQEgA0EFMxZ+3Q9XOccUkIOZbgSn5eIn8QfwaXTsFxiM1UKYNPHRw92ZOkCDEXbCKLgaA0AOgkMf147E4b6DEBILFcwCkK61KG+MLnRo6JTX1sEPcLGI5SB58jMCeOLlIUBGMAgM6CeiJ+LWHdZd0LlemitNSye7l3htzJTV20kQwmUOAXDTKpg4+ZGrtEHykGgrEAQKdDmUj5nbWRCyxLxRpaimdfAMOJ9T5FOMZCUT\/ELQuxcz7T\/pDBb9pUBARjAoCOxLj9EDpJFgnxdGzBaMSm1AqBa7eHFLXYDCxWFOUZfGY2LKA5JDsIxgYAni+STmCcsYRjEVPz2I4a2gOvgeCXlFNCbEAZfPIs5V7WsoJgbACgNMzFXEVDindLMBBhLcQJMragEzaIXKcX2riG2lVq8LMvB1MAgE7gESPNjO+amqaTP3X+cv47hWDSPtg5r0L8gnbbGHyurcElXVKyzARTAQDFsNbiOLJCzSjDDLBnRvt8nwFB0dgB8MTFhMHHqWTFUMae7\/r7YBBMCQA6S+g3hE7r6lfKwOplYzg1jQsWESHyEFt8wgYWn3\/Xc37XQW+XHwSCqQFAZxh88g1ZbCLKsAzwBZbKU5w6COgLKhesI2Ym4iOIOcCvATiIQ5hCUkHAvotLwbfKHABAY+gAywFncku4E4iU9Zy75yCYlAHv9xLMxGO0NwUEHFvhapD3aUPmAgDaQgJIviTYsZZgm2eazX20GmOAxnhHCghgHKNrvImzAgDtwRcOe9h3i+miAnHQWOnrxlD0nN+RAgIoahsp+OY0AzRKJfQckkTMIscxi4whzApVttVADAScViCdHD9HANAVSBtE+oTMrJTDloD\/oN4ZuP0nAAjwYrJR9Qn63XuuAKDBRM1gMYxx6IlS5oQwVaDHnGcf3M+WQQrn265zBgCKZUOICzZ2g\/kJLkSN2IMq22oAu4Tl6bzP3AFAVzDDQtzYNzKyOJGgnKeybdYFKBiurGQdhy4DAJqB2l8St5zH7PJHOyBsXpcRjvQTZjZX\/Pj2AscsEwDoJ4YgprSYl44lARLG1NfezwWDhOnv4WnMscsGAPqABxFbQYgoSTkoXCSTPtBdRzeXwRi7HeyjmAF8gTFHLiMAUCAsY44xRNvGBMsXm6DSmUpi7Zjq91Aqn0OWFQAokyifIxJOCJSFx3eQc9jE6N1TDVSJ97L+Q6+zLvbYtMwAaBTWJeyaECwYytnDrEuMXoY6Qze+EIq2yyoAAD1xjR2U6xDDqNEnVkM4\/qvuUIrFZ3JR+AGrAgAGl+kOzj5RRtZlU4sfFScELsFcReMR5BWsqJZnla+fj2bzKgGgGVxS2TIbXDhhCmU\/QFmSRKyKKTk2+Khla46GVQQAHQT53DWUetE1UcCEpsEEXmbHUsrgYyklo9qGrCoAmv6Rwg7fN46lFIExA8+AAJaTUh6YURkoau+NEGqItaDc1rD3VQcA44PBiIymXHebKrCRMSAR3r4MwrLHnob8yZZ4U+auAwAahRCiBb175w4jyrGRjeI2RMoOz49RlPsZjovwKdnocirYLmn2OgGAweAL4cvGsRTzJzSDh0mZG0hYGkg3OyfZXdJHJJ090CgsoFgDvRnT1w0AjZ6I+iExBfTumHdxUbdY1QgghbI2NRUNMzhM6hCdHpo6g8+xzyvrCoBGGUyfXDKFkroIOfsOd2leSHg1tuzmvvxQXgMyt14zliZ\/3QHQDByRRwR2hMLUfIOMHYE8PswKZEUbw8+AWxdHmHWrO+3kjkcyo0Uv06wA+P+wYklko0hAaEi51tdOsAXHRxxUuXINtt\/FRo50dzsGphzaweAnGbYqALbXJJHLXJXL7r9PXl\/IlpwamBG40ZR\/D73RlLwF7FlwZIX2LITQMfjJzq4KAPtTYhbgxACzNnQbSWz9h4xBOBt\/cBNI\/54S6Io\/Azcu2UvxeIYipmgDF2Ew+J3Sy1cAxIZvi+L3cWZlKzI4Xsu2JchUTkxh88fgYXnERsGuni+e8K1U4JFxlKSb5DbsJBUAndS1EaOAI4UI4VQ7Qrc3dC+NkYdNLGluO0sFQGeVbTxA2BpLA86m0F3G\/WpPf4plBaJsbwdWBUC6sq2SeOCYFVirU3gIw9+4JbKXa\/kgvQ4ySFUA5BiOLXXgcWQdJsMYx7WQha7vW7EzYICCv5DlqFkB0Hco4s8RnImFEUCwmw956mK1Ef9IpnN8+Vj4skkFQDZVRiviWAmdHSoWf82\/iYAGHJzvudiSE0HzhyMHahe7\/CLyP95e93rMbfC3AAAAAElFTkSuQmCC\" alt=\"\"><\/span>\n                        <h4 class=\"u-text u-text-2\">Telefoni<\/h4>\n                        <p class=\"u-text u-text-3\">\n                          <a href=\"https:\/\/nicepage.com\/k\/home-improvement-website-templates\" class=\"u-active-none u-border-active-palette-2-base u-border-hover-palette-2-base u-border-none u-btn u-button-link u-button-style u-hover-none u-none u-text-active-palette-2-base u-text-body-color u-text-hover-palette-2-base u-btn-1\"> +383 (0) 49 800 020<\/a>\n                        <\/p>\n                      <\/div>\n                    <\/div>\n                    <div class=\"u-container-style u-list-item u-repeater-item u-shape-rectangle\">\n                      <div class=\"u-container-layout u-similar-container u-container-layout-4\"><span class=\"u-file-icon u-icon u-text-black u-icon-2\"><img src=\"data:image\/png;base64,iVBORw0KGgoAAAANSUhEUgAAAIAAAACACAYAAADDPmHLAAAAAXNSR0IArs4c6QAAErZJREFUeF7tnQWwLUcRhv\/gwR2CBXd39yRABRI0OCEEC+4OQQIEd4K7WwiaBAuB4JZgwV2Cu0t9r+ZQ79230zM707Nndi9d9Sqpunt2Z3p7Z7r\/\/rtnBy1XTijpgpIuIOn84b\/nlXQKSSeTdJrwXzTwJ0m\/kfTH8O9bko4N\/74h6euS\/rFEVe2woEkdP7zwq0i6rqRdJZ3KaX5\/lnSUpA9I+rikTy3FIJZgABeRdDtJe0s6k9MLT93m15LeKuk1kj6Wurjnv8\/VAFjG7yxpH0kYwDrly5JeLuklYftY51hGP3tuBnBKSXeX9GBJpx0927Y\/+L2kF0p6iiRWiFnIXAzgpJIeLunewYnrWbkYwrMlPVkSvkPXMgcDuKGk50g6Z9ea3H5wPw5G++qex92zAZxd0gsk7e6kQL5MQrsfSPpD2K8J\/xDCwpOH1WXnEDay3XjIuyTdQ9IPPW7mfY9eDYCX\/kpJpyuc8N9DqPYhSUdK+pqkn4y811kkXVjS1SRdW9IVJIEtlMivJN1B0ntKftzyN70ZAAp+kqT7Sxo7Nl46CmbJPTyAO566Y5XYLYScN5B0opE3\/4+kp4Vt4Z8jf9vs8rFKbjaQ4NUfIgkgZ4x8V9IzJb1eEl\/aFMLKdBtJ9yvwTViR9gjI4xRjNZ\/RiwHsJOn9ki4+QiPfDiEXMfi6vqjjSbqppMdKutCIsX9V0vV68At6MADw+kMlnSNTgb+VtL+k50n6V+ZvWl+GIdxW0jNG+C34JBjBMa0HZ91\/3QbAV\/NRSafPUAJ7KPs7INBxGdev4xKg6KcGPyHn+b8MTibJprXIOg3grCGxQtiVEkK4fSW9JXVhJ39nj39FyDimhvSj4PcQnk4u6zKAU0s6InPP\/6ykvSR9Z3Lt1D2QLe2Nkq6UcRt8AsLNySHkdRgAod6HM719FEj8TIg3RzlxyBjePGPwRAfXmTrNvA4DIBZ+QIZCnh+w\/39nXNvzJeiYOYNtpIRE0kNSF3n+fWoDAOEj1k8993GSHuM50Q7u9QRJj0iMA0eX3MdkiGHqRXjqDWz\/Cxlh0nPDl+\/57F7uxaq2X2IwRAaXkoRz2FymNAC+fKzbEvZ8ELa5L\/uxOYIXvEHSLRJ6eKekPZu\/\/Yyl2GsMhEUHJ24Gz+7qM3b4cnWFYwiv8DKJH9xIEpnEpjLFCgCZA9rUuYyZgO5dWhK4fkuBSrZiCcMoIsGDkBYmBIMBTMqYdHFLOY+kzyVIq+ACZCNXKesm45nCAFLOD47PTTJWiFIFsJ\/eMqR0+X\/Yw5YAL+OrfDDE8V8sfXDidzfLALaaO8OtDYCv7HsJGterAqPXU89gDbcOodeYBNPQGL4UMH6yjd5Jp9cGnyc2dxBQkFJWyCbS2gBI2ljhHMUYJIM8sX38DdLD1pZTokyyj6R\/PfdlcgfkAUBGY\/JoSY8vGXDOb1oaAPsrX7+V6IHhe1DOQDOu4TkvDbn2jMuLL3lHoKR7cQ\/uFTiPsQHhm8CHbOKXtDQAkK+nG2qGpnVRp5APuhaFGmcrfq3jfoiDBrz76XE\/G7wan4RcAOVrMUGXrGru0tIAjpZ0MWPEtw84ee2kKAN7+xro4lC+MYL31k5A0h1DcUnsVl8JH4vDo7a9RSsDIMYlixcTwj0svtapgpsHvlBK1qxVKAWj+Bzvq7wR4ycEtajvRDDuEUkrA3iWpPsYSqHAA8i3Rlj2Yf2CM+QI4R0FnqBsADGkl3FCESqFzy3pquGFksJNhYurZxKnwxqu3Q7QF3qLCVtATkIpRxf\/u6aFAaA46E5njIyE1C6U6xonCoePWD1nz\/9LMDb8kdxog7E\/UBIO2kkyNIpPAJBVM6czSKKYJLaa\/UwSJBpXmLyFAVwu8TWwX0OkrBGWfZbelOAY8tWUFmVA6uCrvHHqQZKIDgC0aiSVL8HIMHw3aWEAcPYONEaIMlN5AWuCJElQtiWgi6BosHX5\/xpBR8zpiZJI5lhSi9+n0EFWJSuyGj3PFgYAvZsCiiFh+QcdLMW3WR7B6i2QhyWSjCKZRU8BWQS5s3RGZxGIrqXOLbkKtpHYNgBPwKtUbotuvA2AgeNYrZIsG18AtCcyfqUCPYySMUsgXfC1thBQOVYVS2rDWxzUK0ceABhEUYpbuxpvAyDuJ\/6PCcoDHi4VcHkL22fPJ9deu+zHxoe+3pbwCRjjJUsnGGDfRxq\/pyEGwJGLeBsAzh0vISaANmTZSoQ4+PPGD\/8asIVShy93THji35S0o\/GDSyQ+BOtZu0g6zLgARzPlA+XOxX0LYPkl\/RsTwr+fZo9u2wtxLHHGYjIloZLiDxyymFDgSkOLEiG0tYz4YaH5RMm9t\/uN9wpA5Q4Nm4aE1GZN167PSLps5N6APBhXbpxfqzyyeGAdsagAUAigqkR4J+iKfgVDgg8EdOwi3gaAkweaNiS8wMsXjhrvGOcyhs7VOpclw6I7WKySGYPE2EujHWD0GGWMUrprlAx46DfeBmAlgHCeiHNLhC8fA4oJdQYUZk4pDwrVybFn1oA2gGUx8Akd42O4iLcBkP+P1frVLF3E4K8zZgx2\/0kXjeTfhFCNkC0mt6rAImBJEU4OCYk08hYu4m0AgBix9m01fP8UaQLs\/hcuGsm\/CX4A+HxM7imJOoASofSdvkJDQt0AeQMX8TaAvxmtUwBnUpUxsUnhUR9gzBiq9dT1gzyT0NMaM9FAiaArvP0hQcc5Caqs53obAC8hBmP+3wCyXsmWizD2WBiJjjE+F\/E2ANirsVCP5on3LRx1agtgOZ4qBFxNoeUWgK7gTAwJ0ZBbl1RvAyCfTTw+JBA26e9bIiknEIfsEyU3rvgNIaDVKLrGCXxZ6IM8NDxAotx2OsnpeRsAmboYuRGIOKdOfmjQqTCQkIwS7CmFMm7awcakJgwkZI5xC6CRj2lIZerE2wA+YoAUgBuQRUokBQTxJdJhY0qxsnakg+H6lwJB5DzIfQwJNDgaSbiItwEQ65OyHRJCxJxmULGJ9QQFnznQt2JQMIWuV6x4Q+zzsWIR2uLdqeLe2\/zU2wBSlUBM6neFg2e5tbpnkKCxkkWFjx38WarLSU3EA0HV6hVEpRVsJxfxNoAUYYNluvSEjZx0MJW\/rbttQd1mH7ZCsZp0MDg\/W2lM0LFbB3JvA8Dxoew5JrWYPbx4CwcnTw4noSUhhGdYhFTGGNu\/c77aFKcSsgmkExfxNgAaKJPKjH0d8PQIj0oFfByc3JJHJTgJpc\/md6ktjmvoGGrlLVLPpxdiLGkG8kgb+24pYUyOXHjM2ydZVFO1e4Kw\/NJgISZ8\/ZBCacXiKdyTQ6KsjwamEE0dSkmhjJctjH5KQ0LCK6fvYPa8vVcAHsy5OXczRgBOgKJKBeo11T2WYAQwhIBTawspxtDC6YH07tKJhfje4vuRJAIVdZMWBsASTzOFmHiUhVn58q2fy34N\/FzqGJLaBpbNKUKp4Tusxkz\/AYvXAJBmcS5HG0YLAyDW\/7lBl6KQkqLOGoEaDViSA4myb\/LlELoxrhwhzofzR0o3J\/Hy\/VAaVtvq1aqpgGVE2rv2GdvMv4UB8ADLD6BWj4lwTGuNQC8DFYvVIGy8N1sB+YJVcSgdPwBc0AH4BMfKgu\/ztQPipKqAVvcH7btmoho6Z56gnRhojG3svv8zqFYGkGoMVesprxR6\/fBC514eznxSEU6ThlGtDIAvyMrOeZY4ratBBF8+RSgeDSIwAO6DQccElnFtCfp2925lADyIOrlYuEYcS9oYepOHsB0QP+f4BB7PY88nVreaYIx5DhQvaOaEuUNCLwO2KHeAq6UBpLD7Gs7ckJJwDDm\/N6eUe8zL2Xgt3v5dnJ0xIiOijZjU5BbMubY0ACBLq5adJlHUuXlbNbE43TQssKjEAMAuCNNadPKmk6p1CDY1l1zjLi0NgMECaljkBRIfFDp4C0speAS5h1oOPdg+NfnA2DUIX2yORBAcoBETXrzVbKtKd60NINUqrjY3kDN5qolpFQuJgmqbVO8f4m32dopY31RR5JkzNq55c4IpRe8gzk5uIq0NAPIife9jsS0MV9KrpQWjY5VCvR1QNP\/wGVb1d9Tdb90supTJM3Y8VBpT6BELY2lFR7HoqpnV2Psnr29tAAzAqnLh71NW9SYVMvEFKWIJJ4\/t03JMUxhAqoSqeUPklgqsuDf0ecJJq2IaPAV6WTOZwgAYvMXn4+9k7UqraJopp\/GNU70UakrMs4c+lQGQxcLZiQkYODwB8gSbQfCJ4EbEeimiA4AmMIemMpUB4HkT95\/PmE0tXaypopxvTqYREmtMaBtL+FzLZUgOeyoDYCB3TbSGBxam7LlJW\/SkJqa7gMiDTKT19VNBRSVVc5nSAKhoZdmjpi4mTQ9HaK7NvAfAWbRo3YTEbIdUATeXKQ2AyaSAIWoGWAVcSQ\/NtZj\/AHgHJHbg\/scEBpOVF8h\/WsaVUxsAqwCYutXkmdiYWr8lSqq7GIWfgFRW3wFXvUxtAAwewijE0ZiADnKSSA1x1FVJTjcjOcXBDxbFjCwjGc3JZB0GAOxJRGBl6zw6b0+mxMwHpTqc4x9R2TRpp5N1GAD6ghIGx94SDmGwsmSZeu\/iMuaS6pBKf0WaUU8q6zIACJeQHK1yccqfyN6RnZuzgIHAYLZ6HMOboAdC87h\/oyLXZQCMg0LRIxLEVLCDF8\/57WfgHxBi6KBeWjRbpZ51GgADJ99unaRNOMjBklO3gKtS6lY\/JuVMJbHVF2EKTkR0Pus2AGrgUJB18FPzlKjX2x64TyoVTu4DyJes4Fpk3QbApDkW1eqPzxIJm2duDmHOFteE6z\/GknowAL5+VoFYRSzzIX6m5t6tLHqMkgqupUwex45K4ZjQUY2wbyr20eA4ejAABpYqKOUa1z75BS91zE9SnU25FzxFfKC1Si8GgBIOlbSroQ32S6jmpEp7Fr5qvn7rRBGKQK0qoMnm15MBQA6FAm0Ve1Juxt7aKzYAvkFoGzszgReLIQN1kxRau\/RkACgjRZPimp6JI6kzBLrbynozgBzniTw5zajcTs5y+gxzln5WOMbejTPbmwHwLlg+qRayxgaMzHW9bAU5Sz8wL4ifdciEky3m36ZHA2D0BwUI1ZqJ+zGq+Wrb7sqcpZ8U+H4Vz2jy014NgFZoxyTKvXvZCoCqSfZYXj9IH\/V93fEdezUArB307\/DOtwKWfrar2OlhzAMkk5CPMLc76dkAUBbsmH0TWqOzpkWxbqn0h2YUtLwo0Tav5fiS9+7dANgK8JwtmJitAN4AcPGUwtIP4GOd3wPcS8zPSSpdSu8GgNJYPlN9eKaOCug\/gDdvHYTZ9dK\/ssY5GABjtY5QWc3FtY164nPN6Rlcc0TOZKvFXAyAahqWWxolxYTuHcDErQ+QhMbG12+1pqPmn84k3Xn9G5U3FwNg3Hja4OxWhw\/wdRJGrRRPngJDtGocAXwggTLW7mVOBoAyU4UVq+0iFTmUvhjYSXsnfjyrhhdzMwCKKqibtxi2vJ+9EuXoJQZA+zmaVFtCfoKIZLLKnpKJbP2buRkAY2dvxQhIHMWEnjpcR6mVh9DLB5o6JM+YUNBBVOB2mofHwFP3mKMBMKfUmX1cA4q4m0MfQtC+wzKOagMUOjCl8N7+PlcD4KXwgnG2LKEamaaRNQL\/IHUo5ZGSrtVRdjJ7vnM1ACZIhTHLrXWOLighTZZLl2W6d9Iz0EL7QPnYbkoPpch+WS0unLMBoA9OCEudoIFjRtnV2P5DuQ5nzRnBLd7pqHvO3QCYrHVa6UoZJSeX050zdT7PnItWtuhmCQYASkg+3gJnwOV3z8gprAwGdjLMXUs\/gE7UKtDncLayBANA+Tnw7HEBP0idG0Qd39GSdjLeKrAz9K6pj6x3N7SlGACKIRlEksYSzgvaM3GNdXDj6qeLaWa1JAMgNOQQKVrQW2K1YeFvEDgsIRHEM3ohpFatCksyABRBezX6+0MkiQm1eMC1x264gJY1JHo4vSsmdDEj2UQ7l0XI0gyAl5I6fYtrOOCaJtarfjwQPGjQAGZgiddpZ90YzxINAOVybjDFl5YcsFVZeuqYO+7DaaicH7woWaoB0IIdT946RYy8PcxjqnRSPAO4fdC6mx3csC6rWqoBoM8cWvlqL6cwNSYYyi7BwVzXe2r23CUbAEojEUTr1RrhMGcSQouUpRsAeD6HVZSeulWaR5iNsSzdAHgRwLUQRS0CydALwzcgUvA6HbRLo9gMBoDic1q2bHxBc2pJU2xcm8UAclHClSKPClj\/ItA+yzo2iwGgA1BCiCEW0sd1IIVsG0vrVj5oB5vJAFAAdPFUO3auoRJpU8hmMwBeKgwimERDcoikPTbFmw+T3IwGwGFN0Mp33vCiAYXIBcAb2DSyGQ2AlwuhlAqeVa8+qo\/pMwDku6nkv2XAPa5xlMusAAAAAElFTkSuQmCC\" alt=\"\"><\/span>\n                        <h4 class=\"u-text u-text-4\">Zyret Tona<\/h4>\n                        <p class=\"u-text u-text-5\"> Rruga e Pej\u00ebs nr 460, Miradi e Ep\u00ebrme, Fush\u00eb Kosov\u00eb,12000 Kosovo<\/p>\n                      <\/div>\n                    <\/div>\n                    <div class=\"u-container-style u-list-item u-repeater-item u-shape-rectangle\">\n                      <div class=\"u-container-layout u-similar-container u-container-layout-5\"><span class=\"u-file-icon u-icon u-text-black u-icon-3\"><img src=\"data:image\/png;base64,iVBORw0KGgoAAAANSUhEUgAAAIAAAACACAYAAADDPmHLAAAAAXNSR0IArs4c6QAACV9JREFUeF7tnXfMLkUVhx8MIFWxAgIKQaIGkcCFYCgRO0VKQEPREJRyMSREQIU\/SCj\/0OzRGC5RCQECovQmoGAEDeUSpShIUQHBgkgvV1p+ZBbf+\/G975ztsztnkpubfHt2d875Pe\/Znd3ZM8vgLesILJO19+48DkDmEDgADkDmEcjcfc8ADkDmEcjcfc8ADkDmEcjcfc8ADkDmEcjcfc8ADkDmEcjcfc8ADkDmEcjc\/VgGWB7YCFgQ\/m0AvCHzmKXu\/kvA3cDi8O82YMm0Tk8D4E3At4EvAILA23AjIPHPAA4FnpjrxnwAfBT4CfCe4frsPZ8nAg8AXwKuntw2F4DjgSPA5wmMFKGXQ2Y\/vPBvEoDPAueO1HF3a+kIfB44S38qAFgduB14u0cqiwg8CnwQeLgA4CJgpyxcdyeLCFwizQXApmG4YA3Ni8D1gIYb3tKJgLTcCli2RJcWaKcDgVNK7CRT2X8Z0E2FtzQioGH7V0p2ZaEAkJiCoGw7FVjoEJQNWyv2VcRXRxYJgJvDU74qPfsRcIBDUCV0je1TVXx1YLEAeL7m0z49NNrf7wkaE7TMgb4VnvCV2WfSdokAaOI6fhqwn0NQVYdK+9UV\/9WTxgDQM+RtgbUNXTwd+KJDYIhUfROr+P8Afg3sMe2UMQCOBSTsNcC7Df0WMPsCGip6aycCZcTXe509gaPrAHAMsF6AwPKCSI8Y93EIWlG\/rPh3AtKvNgDyZt0Agf6PtbPDq2TPBLFI2bdXEV9HbwwAHUyXgWtDRoh1\/aeAXjq8EDP07dEIVBW\/cQB0wHVCJlg\/2m34GbCXQ2CI1HSTbwKHGY6gGz5d85X2J1ujGaA4sEYFujF8r6FjPw8Q\/M9g6yZLR6Cu+K1kgKKLawUINE8w1s4PQxGHIBap\/29vQvxWAdDB3wX8Cnifwa8Lgc8BDkE8WE2J3zoAOsGaAYL3x\/3iYkAzj6bOUjUcY+wmTYrfCQA6yRoBgg8Y1NFEhN0dgnkj1bT4nQGgE70zQLChAYLLgN3CiyiDeRYmbYjfKQA62TsCBJpvFmtXALs6BK+G6RvAazN1ZwRu2lBvVqxbGQbOOqEmlv4S+FCMAOAXAYLnDLZjNWlT\/M4zQCHS2wIEGxtUuwrYBXjWYDs2k7bF7w0AnVgQSNxNDKrpa5WdM4OgC\/F7BUAnf2uAQDOPY03PEzQ1\/ZmY4Qi2dyV+7wCoA28BrgQ2MwinF007jhyCLsVPAgB1YrUAweYGCDSDRRA8bbAdmsnJwFcNna5ytz\/tsJ2PAqZ15M3hrn8LQwB+A+wAPGWwHYpJH+InkwEKkVR3QEO\/DxtUuw7YfiQQ9CV+cgCoQ6sCegi0pQGC3wLbAU8abFM16VP8JAFQp1YBLge2Nqj2uwDB66pbGPbt26Rv8ZMFoIBA7wS2Mah0A\/Bp4HGDbSomKYifNADq3MrApcBHDKrdCHxqIBCkIn7yAKiDKwF6Raz5bLF2U4DgsZhhj9tPAr5mOH+TQ71Zp0tmGDirk4JARSo+bgicyp99EvivwbZrk9TEH0QGKERaMUDwCYNqtwQIVOoklZai+IMCQJ1dAdDcQV3rY+33gGD5T8ywg+2pij84AAoINItY4\/9Y+0O4bPQJQcriDxIAdfqNwHnhcXAMglsDBI\/EDFvYnrr4gwVAHVeJWn1U8hmDcCpx9zHg3wbbpkyGIP6gASggUPFKTRaJtTsCBP+KGTaw\/UTg64bjdDXUm9WVQQwDZzmwHKAPTTWBNNb+GCD4Z8ywxvYhiT\/4DFDoJAj0ybmmksfanwIE+vU13YYm\/mgAkCMqgHhBmCwSE\/au8GTx4Zhhie1DFH9UAOjTM32RrK+QLO3PAYKHLMYRG6v4OkwK1\/1JdwZ\/DyBnyopfBEArZ+gdw99rQFBG\/OI0KUEweACqil+IcU+A4MEKEJwQ1k+osGsymWDQANQVvxDu3gCBVs2wtjrip5QJBgtAU+IXYtwXILjfQEAT4qcCwSABKCO+rtGqVqIFrmLtr6Hw5d9mGFrF13VecxtVFzHW+rwnGBwAZcU\/Mixlp5rFqk8YaxJf1U8Fw9xWRvyiIJO1WHNfEAwKgCriFyJqPUNVL7f8InUZEAR\/mSCgivjF7ilDMBgA6og\/CYHWMdDyaLGmG0JBoHuDOuKnDsEgAGhC\/EII1T9eFErYxyDQ0FDzEQ+KGRof8KSYCZIHoIz4egWrdQ1jTRD8MKxoErO1bC9z\/U4NgqQBaEP8yUzwg7C2kUXkaTZlxE\/xcpAsAG2KPynm94GDKxJQRfzUIEgSgK7EL8T4LnBISQjqiJ8SBMkB0LX4ZcWQfRPilz1vk+ecZD0pAMqIr8+rLNOuyvywLbX42hCizxvDZADoW\/wClFmTOdsQv+9MkAQAqYhfiHEccNTE4tn6ux4NqyDF3Hr7ZTJMzLaPTNA7AKmJX4ikz9L1Akkrp+vz8+91VJeoawh6BSBV8WO\/1La3dwlBbwCUEV+l0yyfVLctTJfH7wqCXgBw8W0odQFB5wC4+DbxuxoddAqAi19O\/C4g6AyAMuLrgYylYma1cA5zr7YuB50A4OI3A10bELQOgIvfjPhtXQ5aBcDFb1b8NiBoDQAXvx3xm4agFQDKiK+Fjy0LIrUbzmEevYl7gsYBcPG7hakuBI0C4OJ3K34Tl4PGAHDx+xG\/LgSNAODi9yt+HQhqA6DaPNbKHLpeHZZGrEbbi7L3BHsCR0+Lhj6geHlGqM4JpdwtZVlc\/O6YKwOBFuHaoyoAVpdcfGukmrOzQjDzjMoAz4eqnFW75uJXjVz9\/epCsEQA3AwsqNgXF79i4BrcrQ4EiwXAKcCBFTr0HeDQCvv5Ls1HoCoEiwSAxBcEZZqLXyZa3dhWgWChANDCzlqGxdpeAK63GrtdpxHYKlRUtZ50gQBQu9hYlt16YLdLPwIqjLFTAcCagGrua7l3b+OPgNZa2lAfwRYAyOW9gTPH77t7COwVqq8zCYAio8maurOf+3eP2ngisNTQfT6htRLXj4F1xuOzewKoKtr+wJWT0Zj2S9cy7yJFH09q7R5vw43AknBpV2Z\/3drLsVQv8TcKTwr1tHCDUJVzuOEYf89fAlQmX0N7\/bsNEATzthgA4w9X5h46AA5A5hHI3H3PAA5A5hHI3H3PAA5A5hHI3H3PAA5A5hHI3H3PAA5A5hHI3H3PAA5A5hHI3H3PAA5A5hHI3P1XAMDV9kFcjkKDAAAAAElFTkSuQmCC\" alt=\"\"><\/span>\n                        <h4 class=\"u-text u-text-6\">Na shkruani<\/h4>\n                        <p class=\"u-text u-text-7\">\n                          <a href=\"https:\/\/nicepage.com\/c\/product-list-html-templates\" class=\"u-active-none u-border-active-palette-2-base u-border-hover-palette-2-base u-btn u-button-link u-button-style u-hover-none u-none u-text-active-palette-2-base u-text-body-color u-text-hover-palette-2-base u-btn-2\" data-animation-name=\"\" data-animation-duration=\"0\" data-animation-delay=\"0\" data-animation-direction=\"\">info@kameleoni.biz<\/a>\n                        <\/p>\n                      <\/div>\n                    <\/div>\n                  <\/div>\n                <\/div>\n              <\/div>\n            <\/div>\n            <div class=\"u-align-center-md u-align-center-sm u-align-center-xs u-align-left-lg u-align-left-xl u-container-style u-layout-cell u-size-20-lg u-size-20-xl u-size-60-md u-size-60-sm u-size-60-xs u-white u-layout-cell-3\" data-animation-name=\"\" data-animation-duration=\"0\" data-animation-delay=\"0\" data-animation-direction=\"\">\n              <div class=\"u-container-layout u-valign-top u-container-layout-6\">\n                <h2 class=\"u-custom-font u-font-montserrat u-text u-text-8\">Na Shkruani<\/h2>\n                <div class=\"u-align-left u-form u-form-1\">\n                  <form action=\"https:\/\/forms.nicepagesrv.com\/v2\/form\/process\" class=\"u-clearfix u-form-spacing-28 u-form-vertical u-inner-form\" style=\"padding: 0px;\" source=\"email\" name=\"form\">\n                    <div class=\"u-form-group u-form-name u-label-top\">\n                      <label for=\"name-5a14\" class=\"u-label\" wfd-invisible=\"true\">Emri<\/label>\n                      <input type=\"text\" placeholder=\"Sh\u00ebnoni Emrin tuaj\" id=\"name-5a14\" name=\"name\" class=\"u-grey-10 u-input u-input-rectangle u-radius-7 u-input-1\" required=\"\">\n                    <\/div>\n                    <div class=\"u-form-email u-form-group u-label-top\">\n                      <label for=\"email-5a14\" class=\"u-label\" wfd-invisible=\"true\">Emaili<\/label>\n                      <input type=\"email\" placeholder=\"Sh\u00ebnoni Emailin tuaj valid\" id=\"email-5a14\" name=\"email\" class=\"u-grey-10 u-input u-input-rectangle u-radius-7 u-input-2\" required=\"\">\n                    <\/div>\n                    <div class=\"u-form-group u-form-message u-label-top\">\n                      <label for=\"message-5a14\" class=\"u-label\" wfd-invisible=\"true\">Si mund t'ju ndihmojm\u00eb<\/label>\n                      <textarea rows=\"4\" cols=\"50\" id=\"message-5a14\" name=\"message\" class=\"u-grey-10 u-input u-input-rectangle u-radius-7 u-input-3\" required=\"\"><\/textarea>\n                    <\/div>\n                    <div class=\"u-align-right u-form-group u-form-submit u-label-top\">\n                      <a href=\"#\" class=\"u-active-black u-border-none u-btn u-btn-round u-btn-submit u-button-style u-hover-grey-40 u-palette-3-base u-radius-7 u-text-active-white u-text-body-alt-color u-text-hover-white u-btn-3\">d\u00cbrgo<\/a>\n                      <input type=\"submit\" value=\"submit\" class=\"u-form-control-hidden\" wfd-invisible=\"true\">\n                    <\/div>\n                    <div class=\"u-form-send-message u-form-send-success\" wfd-invisible=\"true\"> Thank you! Your message has been sent. <\/div>\n                    <div class=\"u-form-send-error u-form-send-message\" wfd-invisible=\"true\"> Unable to send your message. Please fix errors then try again. <\/div>\n                    <input type=\"hidden\" value=\"\" name=\"recaptchaResponse\" wfd-invisible=\"true\">\n                    <input type=\"hidden\" name=\"formServices\" value=\"cd797094fd010ed6a5b44d5c85ef8375\">\n                  <\/form>\n                <\/div>\n              <\/div>\n            <\/div>\n          <\/div>\n        <\/div>\n      <\/div>\n    <\/section>\n    \n    \n    \n  \n","protected":false},"excerpt":{"rendered":"<p>Na Tak\u200boni Telefoni +383 (0) 49 800 020 Zyret Tona Rruga e Pej\u00ebs nr 460, Miradi e Ep\u00ebrme, Fush\u00eb Kosov\u00eb,12000 Kosovo Na shkruani info@kameleoni.biz Na Shkruani Emri Emaili Si mund t&#8217;ju ndihmojm\u00eb d\u00cbrgo Thank you! Your message has been sent. Unable to send your message. Please fix errors then try again.<\/p>\n","protected":false},"author":1,"featured_media":0,"parent":0,"menu_order":0,"comment_status":"closed","ping_status":"closed","template":"","meta":{"om_disable_all_campaigns":false,"_monsterinsights_skip_tracking":false,"_monsterinsights_sitenote_active":false,"_monsterinsights_sitenote_note":"","_monsterinsights_sitenote_category":0},"aioseo_notices":[],"_links":{"self":[{"href":"https:\/\/kameleoni.biz\/index.php\/wp-json\/wp\/v2\/pages\/41"}],"collection":[{"href":"https:\/\/kameleoni.biz\/index.php\/wp-json\/wp\/v2\/pages"}],"about":[{"href":"https:\/\/kameleoni.biz\/index.php\/wp-json\/wp\/v2\/types\/page"}],"author":[{"embeddable":true,"href":"https:\/\/kameleoni.biz\/index.php\/wp-json\/wp\/v2\/users\/1"}],"replies":[{"embeddable":true,"href":"https:\/\/kameleoni.biz\/index.php\/wp-json\/wp\/v2\/comments?post=41"}],"version-history":[{"count":17,"href":"https:\/\/kameleoni.biz\/index.php\/wp-json\/wp\/v2\/pages\/41\/revisions"}],"predecessor-version":[{"id":1469,"href":"https:\/\/kameleoni.biz\/index.php\/wp-json\/wp\/v2\/pages\/41\/revisions\/1469"}],"wp:attachment":[{"href":"https:\/\/kameleoni.biz\/index.php\/wp-json\/wp\/v2\/media?parent=41"}],"curies":[{"name":"wp","href":"https:\/\/api.w.org\/{rel}","templated":true}]}}