{"id":24,"date":"2023-02-13T09:21:55","date_gmt":"2023-02-13T09:21:55","guid":{"rendered":"https:\/\/kameleoni.biz\/index.php\/per-ne\/"},"modified":"2023-02-28T06:46:06","modified_gmt":"2023-02-28T06:46:06","slug":"per-ne","status":"publish","type":"page","link":"https:\/\/kameleoni.biz\/","title":{"rendered":"BALLINA"},"content":{"rendered":"\n    \n    <section class=\"skrollable u-black u-clearfix u-section-2\" id=\"carousel_c000\">\n      \n      \n      <div class=\"u-border-1 u-border-grey-75 u-custom-color-10 u-expanded-width u-shape u-shape-rectangle u-shape-1\"><\/div>\n      <div class=\"u-container-style u-group u-image u-image-tiles u-image-1\" data-image-width=\"500\" data-image-height=\"375\" style=\"background-image: url(&quot;https:\/\/kameleoni.biz\/wp-content\/uploads\/2023\/02\/227f0f5b-bd4e-986c-8df1-dd316754190b-1.png&quot;);\">\n        <div class=\"u-container-layout u-container-layout-1\"><\/div>\n      <\/div>\n      <img src=\"https:\/\/kameleoni.biz\/wp-content\/uploads\/2023\/02\/retractable-pergola-free-standing-with-lights-1.jpg\" class=\"u-align-left u-hover-feature u-image u-image-default u-image-2\" data-image-width=\"2000\" data-image-height=\"1333\" data-animation-name=\"flipIn\" data-animation-duration=\"1000\" data-animation-direction=\"X\">\n      <div class=\"u-align-left u-container-style u-group u-hover-feature u-opacity u-shape-rectangle u-similar-fill u-opacity-85 u-white u-group-2\">\n        <div class=\"u-container-layout u-padding-12 u-container-layout-2\">\n          <h2 class=\"u-custom-font u-font-oswald u-text u-text-custom-color-10 u-text-default u-text-1\" data-animation-name=\"customAnimationIn\" data-animation-duration=\"2750\" data-animation-direction=\"\" data-animation-delay=\"250\">\"ndreqe teras\u00ebn, ftofja kojshis\u00eb\"&nbsp;<\/h2>\n          <p class=\"u-custom-font u-font-open-sans u-text u-text-2\">Tani&nbsp; jeni nj\u00eb hap\u00eb para realizimit t\u00eb \u00ebndrr\u00ebs tuaj p\u00ebr nj\u00eb verand\u00eb apo terac\u00eb t\u00eb bukur, e cila do t\u00eb realizohet nga ekipet tona profesionale, dhe materialet tona cil\u00ebsore, jeni n\u00eb vendin e duhur. Ne ju garantojm\u00eb p\u00ebr pun\u00ebn q\u00eb b\u00ebjm\u00eb, nd\u00ebrsa e juaja mbetet t\u00eb na kontaktoni. <span style=\"font-weight: 700;\">Pergola, Veranda, apo Xhama l\u00ebviz\u00ebs<\/span>, ju vendosni nd\u00ebrsa ne realizojm\u00eb projektin tuaj&nbsp; me knaq\u00ebsi dhe pasion.<br>\n          <\/p>\n          <a href=\"tel:+38349800020\" class=\"u-black u-border-none u-btn u-btn-round u-button-style u-custom-font u-font-oswald u-hover-grey-50 u-radius-20 u-btn-1\">NA KONTAKTONI<\/a>\n        <\/div>\n      <\/div>\n    <\/section>\n    \n    \n    \n  \n","protected":false},"excerpt":{"rendered":"<p>&#8220;ndreqe teras\u00ebn, ftofja kojshis\u00eb&#8221;&nbsp; Tani&nbsp; jeni nj\u00eb hap\u00eb para realizimit t\u00eb \u00ebndrr\u00ebs tuaj p\u00ebr nj\u00eb verand\u00eb apo terac\u00eb t\u00eb bukur, e cila do t\u00eb realizohet nga ekipet tona profesionale, dhe materialet tona cil\u00ebsore, jeni n\u00eb vendin e duhur. Ne ju garantojm\u00eb p\u00ebr pun\u00ebn q\u00eb b\u00ebjm\u00eb, nd\u00ebrsa e juaja mbetet t\u00eb na kontaktoni. Pergola, Veranda, apo &hellip; <a href=\"https:\/\/kameleoni.biz\/\" class=\"more-link\">Continue reading<span class=\"screen-reader-text\"> &#8220;BALLINA&#8221;<\/span><\/a><\/p>\n","protected":false},"author":1,"featured_media":0,"parent":0,"menu_order":3,"comment_status":"closed","ping_status":"closed","template":"","meta":{"om_disable_all_campaigns":false,"_monsterinsights_skip_tracking":false,"_monsterinsights_sitenote_active":false,"_monsterinsights_sitenote_note":"","_monsterinsights_sitenote_category":0},"aioseo_notices":[],"_links":{"self":[{"href":"https:\/\/kameleoni.biz\/index.php\/wp-json\/wp\/v2\/pages\/24"}],"collection":[{"href":"https:\/\/kameleoni.biz\/index.php\/wp-json\/wp\/v2\/pages"}],"about":[{"href":"https:\/\/kameleoni.biz\/index.php\/wp-json\/wp\/v2\/types\/page"}],"author":[{"embeddable":true,"href":"https:\/\/kameleoni.biz\/index.php\/wp-json\/wp\/v2\/users\/1"}],"replies":[{"embeddable":true,"href":"https:\/\/kameleoni.biz\/index.php\/wp-json\/wp\/v2\/comments?post=24"}],"version-history":[{"count":17,"href":"https:\/\/kameleoni.biz\/index.php\/wp-json\/wp\/v2\/pages\/24\/revisions"}],"predecessor-version":[{"id":1476,"href":"https:\/\/kameleoni.biz\/index.php\/wp-json\/wp\/v2\/pages\/24\/revisions\/1476"}],"wp:attachment":[{"href":"https:\/\/kameleoni.biz\/index.php\/wp-json\/wp\/v2\/media?parent=24"}],"curies":[{"name":"wp","href":"https:\/\/api.w.org\/{rel}","templated":true}]}}