{"id":23,"date":"2023-02-13T09:21:54","date_gmt":"2023-02-13T09:21:54","guid":{"rendered":"https:\/\/kameleoni.biz\/index.php\/galeria\/"},"modified":"2023-02-28T06:43:33","modified_gmt":"2023-02-28T06:43:33","slug":"galeria","status":"publish","type":"page","link":"https:\/\/kameleoni.biz\/index.php\/galeria\/","title":{"rendered":"GALERIA"},"content":{"rendered":"\n    \n    <section class=\"u-align-center u-clearfix u-custom-color-10 u-valign-middle-xs u-valign-top-sm u-section-2\" id=\"carousel_e4d3\">\n      <div class=\"u-align-center u-container-style u-expanded-width u-gradient u-group u-group-1\">\n        <div class=\"u-container-layout u-valign-top-sm u-valign-top-xs u-container-layout-1\">\n          <h2 class=\"u-text u-text-grey-5 u-text-1\" data-animation-name=\"flipIn\" data-animation-duration=\"1000\" data-animation-direction=\"X\">GALERIA E PROJEKTEVE TONA<br>\n            <span style=\"font-weight: 400; font-size: 1.125rem;\">Disa nga Projektet tona t\u00eb realizuara n\u00eb Kosov\u00eb dhe Europ\u00eb<br>\n            <\/span>\n          <\/h2>\n          <div class=\"u-gallery u-layout-grid u-lightbox u-show-text-on-hover u-gallery-1\">\n            <div class=\"u-gallery-inner u-gallery-inner-1\">\n              <div class=\"u-effect-fade u-effect-hover-zoom u-gallery-item\">\n                <div class=\"u-back-slide\" data-image-width=\"1800\" data-image-height=\"1350\">\n                  <img class=\"u-back-image u-expanded\" src=\"https:\/\/kameleoni.biz\/wp-content\/uploads\/2023\/02\/viber_image_2023-02-16_10-21-32-829-5.jpg\">\n                <\/div>\n                <div class=\"u-over-slide u-shading u-over-slide-1\">\n                  <h3 class=\"u-gallery-heading\"><\/h3>\n                  <p class=\"u-gallery-text\"><\/p>\n                <\/div>\n              <\/div>\n              <div class=\"u-effect-fade u-effect-hover-zoom u-gallery-item\">\n                <div class=\"u-back-slide\" data-image-width=\"1600\" data-image-height=\"1200\">\n                  <img class=\"u-back-image u-expanded\" src=\"https:\/\/kameleoni.biz\/wp-content\/uploads\/2023\/02\/288766304_1462537944193689_5161544897854863668_n-2.jpg\">\n                <\/div>\n                <div class=\"u-over-slide u-shading u-over-slide-2\">\n                  <h3 class=\"u-gallery-heading\"><\/h3>\n                  <p class=\"u-gallery-text\"><\/p>\n                <\/div>\n              <\/div>\n              <div class=\"u-effect-fade u-effect-hover-zoom u-gallery-item\">\n                <div class=\"u-back-slide\" data-image-width=\"2048\" data-image-height=\"1536\">\n                  <img class=\"u-back-image u-expanded\" src=\"https:\/\/kameleoni.biz\/wp-content\/uploads\/2023\/02\/272849985_1373142446466573_1939659088216609913_n-3.jpg\">\n                <\/div>\n                <div class=\"u-over-slide u-shading u-over-slide-3\">\n                  <h3 class=\"u-gallery-heading\"><\/h3>\n                  <p class=\"u-gallery-text\"><\/p>\n                <\/div>\n              <\/div>\n              <div class=\"u-effect-fade u-effect-hover-zoom u-gallery-item\">\n                <div class=\"u-back-slide\" data-image-width=\"1600\" data-image-height=\"1200\">\n                  <img class=\"u-back-image u-expanded\" src=\"https:\/\/kameleoni.biz\/wp-content\/uploads\/2023\/02\/P1.jpg\">\n                <\/div>\n                <div class=\"u-over-slide u-shading u-over-slide-4\">\n                  <h3 class=\"u-gallery-heading\"><\/h3>\n                  <p class=\"u-gallery-text\"><\/p>\n                <\/div>\n              <\/div>\n              <div class=\"u-effect-fade u-effect-hover-zoom u-gallery-item\">\n                <div class=\"u-back-slide\" data-image-width=\"2048\" data-image-height=\"1536\">\n                  <img class=\"u-back-image u-expanded\" src=\"https:\/\/kameleoni.biz\/wp-content\/uploads\/2023\/02\/R2.jpg\">\n                <\/div>\n                <div class=\"u-over-slide u-shading u-over-slide-5\">\n                  <h3 class=\"u-gallery-heading\"><\/h3>\n                  <p class=\"u-gallery-text\"><\/p>\n                <\/div>\n              <\/div>\n              <div class=\"u-effect-fade u-effect-hover-zoom u-gallery-item\">\n                <div class=\"u-back-slide\" data-image-width=\"1600\" data-image-height=\"1200\">\n                  <img class=\"u-back-image u-expanded\" src=\"https:\/\/kameleoni.biz\/wp-content\/uploads\/2023\/02\/IMG_1104.jpg\">\n                <\/div>\n                <div class=\"u-over-slide u-shading u-over-slide-6\">\n                  <h3 class=\"u-gallery-heading\"><\/h3>\n                  <p class=\"u-gallery-text\"><\/p>\n                <\/div>\n              <\/div>\n              <div class=\"u-effect-fade u-effect-hover-zoom u-gallery-item\">\n                <div class=\"u-back-slide\" data-image-width=\"720\" data-image-height=\"960\">\n                  <img class=\"u-back-image u-expanded\" src=\"https:\/\/kameleoni.biz\/wp-content\/uploads\/2023\/02\/UntervazSwitzerland1.jpg\">\n                <\/div>\n                <div class=\"u-over-slide u-shading u-over-slide-7\">\n                  <h3 class=\"u-gallery-heading\"><\/h3>\n                  <p class=\"u-gallery-text\"><\/p>\n                <\/div>\n              <\/div>\n              <div class=\"u-effect-fade u-effect-hover-zoom u-gallery-item\">\n                <div class=\"u-back-slide\" data-image-width=\"960\" data-image-height=\"720\">\n                  <img class=\"u-back-image u-expanded\" src=\"https:\/\/kameleoni.biz\/wp-content\/uploads\/2023\/02\/Lovere.ITALY_-2.jpg\">\n                <\/div>\n                <div class=\"u-over-slide u-shading u-over-slide-8\">\n                  <h3 class=\"u-gallery-heading\"><\/h3>\n                  <p class=\"u-gallery-text\"><\/p>\n                <\/div>\n              <\/div>\n              <div class=\"u-effect-fade u-effect-hover-zoom u-gallery-item\">\n                <div class=\"u-back-slide\" data-image-width=\"2034\" data-image-height=\"1433\">\n                  <img class=\"u-back-image u-expanded\" src=\"https:\/\/kameleoni.biz\/wp-content\/uploads\/2023\/02\/adadadad-5.jpg\">\n                <\/div>\n                <div class=\"u-over-slide u-shading u-over-slide-9\">\n                  <h3 class=\"u-gallery-heading\"><\/h3>\n                  <p class=\"u-gallery-text\"><\/p>\n                <\/div>\n              <\/div>\n            <\/div>\n          <\/div>\n        <\/div>\n      <\/div>\n    <\/section>\n    <section class=\"u-black u-border-2 u-border-grey-75 u-clearfix u-section-3\" id=\"sec-d9a4\">\n      <div class=\"u-clearfix u-sheet u-sheet-1\">\n        <div class=\"u-clearfix u-expanded-width-lg u-expanded-width-md u-expanded-width-xl u-expanded-width-xs u-gutter-0 u-layout-wrap u-layout-wrap-1\">\n          <div class=\"u-layout\">\n            <div class=\"u-layout-row\">\n              <div class=\"u-align-left u-container-style u-layout-cell u-left-cell u-size-30 u-layout-cell-1\">\n                <div class=\"u-container-layout u-container-layout-1\">\n                  <div class=\"u-border-2 u-border-black u-expanded u-uploaded-video u-video\">\n                    <div class=\"embed-responsive\">\n                      <video class=\"embed-responsive-item\" data-autoplay=\"1\" muted=\"1\" controls=\"\" autoplay=\"autoplay\" playsinline=\"\">\n                        <source src=\"https:\/\/kameleoni.biz\/wp-content\/uploads\/2023\/02\/323419211_1013072999650160_4944676117148287966_n.mp4\" type=\"video\/mp4\">\n                        <p>Your browser does not support HTML5 video.<\/p>\n                      <\/video>\n                    <\/div>\n                  <\/div>\n                <\/div>\n              <\/div>\n              <div class=\"u-align-left u-container-style u-layout-cell u-right-cell u-size-30 u-layout-cell-2\">\n                <div class=\"u-container-layout u-container-layout-2\">\n                  <h2 class=\"u-text u-text-1\" data-animation-name=\"customAnimationIn\" data-animation-duration=\"1000\" data-animation-direction=\"\">VIDEO REKLAM\u00cb<\/h2>\n                  <p class=\"u-text u-text-2\" data-animation-name=\"customAnimationIn\" data-animation-duration=\"1000\">Kameleoni ta ndreq\u00eb teras\u00ebn n\u00eb Kosov\u00eb e diaspor\u00eb. E juaja mbetet t\u00eb na kontaktoni, e jona t\u00eb kthejm\u00eb iden\u00eb tuaj n\u00eb projekt funksional,t\u00eb bukur e praktik.&nbsp;<\/p>\n                <\/div>\n              <\/div>\n            <\/div>\n          <\/div>\n        <\/div>\n      <\/div>\n    <\/section>\n    <section class=\"u-clearfix u-custom-color-10 u-section-4\" id=\"carousel_0ee2\">\n      <div class=\"u-expanded-width u-shape u-shape-rectangle u-white u-shape-1\"><\/div>\n      <div class=\"u-container-style u-group u-radius-33 u-shape-round u-white u-group-1\">\n        <div class=\"u-container-layout u-container-layout-1\">\n          <h2 class=\"u-text u-text-default u-text-1\"> Keni nevoj\u00eb p\u00ebr detale&nbsp;<br>shtes\u00eb ?\n          <\/h2>\n          <div class=\"u-form u-form-1\">\n            <form action=\"https:\/\/forms.nicepagesrv.com\/v2\/form\/process\" class=\"u-clearfix u-form-spacing-13 u-form-vertical u-inner-form\" style=\"padding: 0px;\" source=\"email\" name=\"form-2\">\n              <div class=\"u-form-group u-form-name\">\n                <label for=\"name-da97\" class=\"u-label\" wfd-invisible=\"true\">Emri<\/label>\n                <input type=\"text\" placeholder=\"Enter your Name\" id=\"name-da97\" name=\"name\" class=\"u-border-no-bottom u-border-no-left u-border-no-right u-border-no-top u-grey-5 u-input u-input-rectangle u-radius-10\" required=\"\">\n              <\/div>\n              <div class=\"u-form-group u-form-partition-factor-2 u-form-phone u-form-group-2\">\n                <label for=\"phone-10f2\" class=\"u-label\" wfd-invisible=\"true\">Telefoni<\/label>\n                <input type=\"tel\" pattern=\"\\+?\\d{0,3}[\\s\\(\\-]?([0-9]{2,3})[\\s\\)\\-]?([\\s\\-]?)([0-9]{3})[\\s\\-]?([0-9]{2})[\\s\\-]?([0-9]{2})\" placeholder=\"Sh\u00ebnoni numrin tuaj t\u00eb sakt\u00eb\" id=\"phone-10f2\" name=\"phone\" class=\"u-border-no-bottom u-border-no-left u-border-no-right u-border-no-top u-grey-5 u-input u-input-rectangle u-radius-10\" required=\"\">\n              <\/div>\n              <div class=\"u-form-email u-form-group u-form-partition-factor-2\">\n                <label for=\"email-da97\" class=\"u-label\" wfd-invisible=\"true\">Emaili<\/label>\n                <input type=\"email\" placeholder=\"Sh\u00ebno Email adres\u00ebn tuaj \" id=\"email-da97\" name=\"email\" class=\"u-border-no-bottom u-border-no-left u-border-no-right u-border-no-top u-grey-5 u-input u-input-rectangle u-radius-10\" required=\"\">\n              <\/div>\n              <div class=\"u-form-group u-form-submit\">\n                <a href=\"#\" class=\"u-active-grey-40 u-border-none u-btn u-btn-round u-btn-submit u-button-style u-hover-custom-color-10 u-palette-3-base u-radius-10 u-btn-1\"> K\u00cbRKO DETALE SHTES\u00cb<\/a>\n                <input type=\"submit\" value=\"submit\" class=\"u-form-control-hidden\" wfd-invisible=\"true\">\n              <\/div>\n              <div class=\"u-form-send-message u-form-send-success\" wfd-invisible=\"true\">Ju faleminderit ! Porosia juaj ka shkuar me sukses.<\/div>\n              <div class=\"u-form-send-error u-form-send-message\" wfd-invisible=\"true\">D\u00ebshtoi !Ju lutem verifikoni t\u00eb dh\u00ebnat tuaj, provoni p\u00ebrs\u00ebri.<\/div>\n              <input type=\"hidden\" value=\"\" name=\"recaptchaResponse\" wfd-invisible=\"true\">\n              <input type=\"hidden\" name=\"formServices\" value=\"cd797094fd010ed6a5b44d5c85ef8375\">\n            <\/form>\n          <\/div>\n          <p class=\"u-text u-text-grey-50 u-text-2\"> N\u00ebse keni nevoj\u00eb p\u00ebr informata apo konsult\u00eb&nbsp; shtes\u00eb&nbsp; n\u00eb lidhje me produktin, na shkruani, ne do t\u00eb&nbsp; ju kontaktojm\u00eb dhe ofrojm\u00eb zgjidhjen e duhur p\u00ebr nevojat tuaja.&nbsp;<\/p>\n          <div class=\"u-social-icons u-spacing-20 u-social-icons-1\">\n            <a class=\"u-social-url\" target=\"_blank\" href=\"https:\/\/www.facebook.com\/kameleoni.shpk\" title=\"\"><span class=\"u-icon u-icon-circle u-social-facebook u-social-icon u-icon-1\">\n                    <svg class=\"u-svg-link\" preserveAspectRatio=\"xMidYMin slice\" viewBox=\"0 0 112 112\" style=\"\"><use xlink:href=\"#svg-50ee\"><\/use><\/svg>\n                    <svg xmlns=\"http:\/\/www.w3.org\/2000\/svg\" xmlns:xlink=\"http:\/\/www.w3.org\/1999\/xlink\" version=\"1.1\" xml:space=\"preserve\" class=\"u-svg-content\" viewBox=\"0 0 112 112\" x=\"0px\" y=\"0px\" id=\"svg-50ee\"><path d=\"M75.5,28.8H65.4c-1.5,0-4,0.9-4,4.3v9.4h13.9l-1.5,15.8H61.4v45.1H42.8V58.3h-8.8V42.4h8.8V32.2 c0-7.4,3.4-18.8,18.8-18.8h13.8v15.4H75.5z\"><\/path><\/svg>\n                  <\/span>\n            <\/a>\n            <a class=\"u-social-url\" target=\"_blank\" href=\"https:\/\/www.instagram.com\/kameleoni.llc\/\" title=\"\"><span class=\"u-icon u-icon-circle u-social-icon u-social-instagram u-icon-2\">\n                    <svg class=\"u-svg-link\" preserveAspectRatio=\"xMidYMin slice\" viewBox=\"0 0 112 112\" style=\"\"><use xlink:href=\"#svg-dd2a\"><\/use><\/svg>\n                    <svg xmlns=\"http:\/\/www.w3.org\/2000\/svg\" xmlns:xlink=\"http:\/\/www.w3.org\/1999\/xlink\" version=\"1.1\" xml:space=\"preserve\" class=\"u-svg-content\" viewBox=\"0 0 112 112\" x=\"0px\" y=\"0px\" id=\"svg-dd2a\"><path d=\"M55.9,32.9c-12.8,0-23.2,10.4-23.2,23.2s10.4,23.2,23.2,23.2s23.2-10.4,23.2-23.2S68.7,32.9,55.9,32.9z M55.9,69.4c-7.4,0-13.3-6-13.3-13.3c-0.1-7.4,6-13.3,13.3-13.3s13.3,6,13.3,13.3C69.3,63.5,63.3,69.4,55.9,69.4z\"><\/path><path d=\"M79.7,26.8c-3,0-5.4,2.5-5.4,5.4s2.5,5.4,5.4,5.4c3,0,5.4-2.5,5.4-5.4S82.7,26.8,79.7,26.8z\"><\/path><path d=\"M78.2,11H33.5C21,11,10.8,21.3,10.8,33.7v44.7c0,12.6,10.2,22.8,22.7,22.8h44.7c12.6,0,22.7-10.2,22.7-22.7 V33.7C100.8,21.1,90.6,11,78.2,11z M91,78.4c0,7.1-5.8,12.8-12.8,12.8H33.5c-7.1,0-12.8-5.8-12.8-12.8V33.7 c0-7.1,5.8-12.8,12.8-12.8h44.7c7.1,0,12.8,5.8,12.8,12.8V78.4z\"><\/path><\/svg>\n                  <\/span>\n            <\/a>\n          <\/div>\n        <\/div>\n      <\/div>\n    <\/section>\n    \n    \n    \n  \n","protected":false},"excerpt":{"rendered":"<p>GALERIA E PROJEKTEVE TONA Disa nga Projektet tona t\u00eb realizuara n\u00eb Kosov\u00eb dhe Europ\u00eb Your browser does not support HTML5 video. VIDEO REKLAM\u00cb Kameleoni ta ndreq\u00eb teras\u00ebn n\u00eb Kosov\u00eb e diaspor\u00eb. E juaja mbetet t\u00eb na kontaktoni, e jona t\u00eb kthejm\u00eb iden\u00eb tuaj n\u00eb projekt funksional,t\u00eb bukur e praktik.&nbsp; Keni nevoj\u00eb p\u00ebr detale&nbsp;shtes\u00eb ? Emri &hellip; <a href=\"https:\/\/kameleoni.biz\/index.php\/galeria\/\" class=\"more-link\">Continue reading<span class=\"screen-reader-text\"> &#8220;GALERIA&#8221;<\/span><\/a><\/p>\n","protected":false},"author":1,"featured_media":0,"parent":0,"menu_order":2,"comment_status":"closed","ping_status":"closed","template":"","meta":{"om_disable_all_campaigns":false,"_monsterinsights_skip_tracking":false,"_monsterinsights_sitenote_active":false,"_monsterinsights_sitenote_note":"","_monsterinsights_sitenote_category":0},"aioseo_notices":[],"_links":{"self":[{"href":"https:\/\/kameleoni.biz\/index.php\/wp-json\/wp\/v2\/pages\/23"}],"collection":[{"href":"https:\/\/kameleoni.biz\/index.php\/wp-json\/wp\/v2\/pages"}],"about":[{"href":"https:\/\/kameleoni.biz\/index.php\/wp-json\/wp\/v2\/types\/page"}],"author":[{"embeddable":true,"href":"https:\/\/kameleoni.biz\/index.php\/wp-json\/wp\/v2\/users\/1"}],"replies":[{"embeddable":true,"href":"https:\/\/kameleoni.biz\/index.php\/wp-json\/wp\/v2\/comments?post=23"}],"version-history":[{"count":34,"href":"https:\/\/kameleoni.biz\/index.php\/wp-json\/wp\/v2\/pages\/23\/revisions"}],"predecessor-version":[{"id":1362,"href":"https:\/\/kameleoni.biz\/index.php\/wp-json\/wp\/v2\/pages\/23\/revisions\/1362"}],"wp:attachment":[{"href":"https:\/\/kameleoni.biz\/index.php\/wp-json\/wp\/v2\/media?parent=23"}],"curies":[{"name":"wp","href":"https:\/\/api.w.org\/{rel}","templated":true}]}}