{"id":1202,"date":"2023-02-22T22:20:59","date_gmt":"2023-02-22T22:20:59","guid":{"rendered":"https:\/\/kameleoni.biz\/?page_id=1202"},"modified":"2023-02-23T22:07:14","modified_gmt":"2023-02-23T22:07:14","slug":"tenda-klasike","status":"publish","type":"page","link":"https:\/\/kameleoni.biz\/index.php\/tenda-klasike\/","title":{"rendered":"Tenda Klasike"},"content":{"rendered":"\n    \n    <section class=\"u-carousel u-slide u-block-ce74-1\" id=\"carousel_eea8\" data-interval=\"5000\" data-u-ride=\"carousel\">\n      <ol class=\"u-absolute-hcenter u-carousel-indicators u-block-ce74-2\">\n        <li data-u-target=\"#carousel_eea8\" class=\"u-active u-grey-30\" data-u-slide-to=\"0\"><\/li>\n      <\/ol>\n      <div class=\"u-carousel-inner\" role=\"listbox\">\n        <div class=\"u-active u-carousel-item u-clearfix u-custom-color-10 u-section-2-1\">\n          <div class=\"u-black u-container-style u-group u-group-1\" data-animation-name=\"customAnimationIn\" data-animation-duration=\"1000\">\n            <div class=\"u-container-layout u-container-layout-1\"><\/div>\n          <\/div>\n          <div class=\"u-clearfix u-layout-wrap u-layout-wrap-1\">\n            <div class=\"u-layout\">\n              <div class=\"u-layout-row\">\n                <div class=\"u-container-style u-layout-cell u-left-cell u-size-25 u-white u-layout-cell-1\">\n                  <div class=\"u-container-layout u-container-layout-2\">\n                    <h2 class=\"u-text u-text-1\"><b>TENDA KLASIKE<\/b>\n                      <a class=\"V0MxL r-ilTqlM4ghWME\" href=\"https:\/\/www.googleadservices.com\/pagead\/aclk?sa=L&amp;ai=DChcSEwjf26KtwovpAhUMwrIKHUXvAEQYABAAGgJscg&amp;ohost=www.google.com&amp;cid=CAESQOD2HQL5xSd-pnfh9XehxJi9lPeRKpzTX-Ld21GUknHUxmZ0csPVTXNTTxzllukNRTrZLHi5drgOR9kQbV8jI1g&amp;sig=AOD64_2iIv1dPur5S7XboqwW2st4FK3WmQ&amp;q=&amp;ved=2ahUKEwiHtpitwovpAhXxx6YKHWUQCtkQ0Qx6BAgYEAE&amp;adurl=\" id=\"vn1s0p1c0\"><\/a>\n                    <\/h2>\n                    <p class=\"u-text u-text-2\"> Gjithmon\u00eb e bukur dhe elegante, asnj\u00ebhere e tep\u00ebrt n\u00eb paraqitje, Tenda Klasike zbukuron prej vitesh&nbsp; terasat dhe ballkonet e sht\u00ebpive, banesave, dhe lokaleve tona. Shum\u00eb llojshm\u00ebria e ngjyrave, thjesht\u00ebsia dhe cil\u00ebsia, b\u00ebn\u00eb q\u00eb Tendat Klasike t\u00eb g\u00ebzojn\u00eb popullratitet t\u00eb madh\u00eb nd\u00ebr vitesh kudo nep\u00ebr bot\u00eb.&nbsp;Mekanizmi kryesor\u00eb i Tend\u00ebs Klasike \u00ebsht\u00eb tubi i mb\u00ebshtjellur me shtof i cili hapet fal\u00eb krah\u00ebve t\u00eb fuqish\u00ebm me tension nga alumini, dhe ka kontroll manuale apo automatike.<\/p>\n                  <\/div>\n                <\/div>\n                <div class=\"u-container-style u-image u-layout-cell u-right-cell u-size-35 u-image-1\" data-image-width=\"570\" data-image-height=\"320\" data-animation-name=\"customAnimationIn\" data-animation-duration=\"1000\" style=\"background-image: url(&quot;https:\/\/kameleoni.biz\/wp-content\/uploads\/2023\/02\/mx_990_01.jpg&quot;);\">\n                  <div class=\"u-container-layout u-container-layout-3\"><\/div>\n                <\/div>\n              <\/div>\n            <\/div>\n          <\/div>\n        <\/div>\n      <\/div>\n      <a class=\"u-absolute-vcenter u-carousel-control u-carousel-control-prev u-hidden u-text-grey-30 u-block-ce74-3\" href=\"#carousel_eea8\" role=\"button\" data-u-slide=\"prev\">\n        <span aria-hidden=\"true\">\n          <svg class=\"u-svg-link\" viewBox=\"0 0 477.175 477.175\"><path d=\"M145.188,238.575l215.5-215.5c5.3-5.3,5.3-13.8,0-19.1s-13.8-5.3-19.1,0l-225.1,225.1c-5.3,5.3-5.3,13.8,0,19.1l225.1,225\n                    c2.6,2.6,6.1,4,9.5,4s6.9-1.3,9.5-4c5.3-5.3,5.3-13.8,0-19.1L145.188,238.575z\"><\/path><\/svg>\n        <\/span>\n        <span class=\"sr-only\">Previous<\/span>\n      <\/a>\n      <a class=\"u-absolute-vcenter u-carousel-control u-carousel-control-next u-hidden u-text-grey-30 u-block-ce74-4\" href=\"#carousel_eea8\" role=\"button\" data-u-slide=\"next\">\n        <span aria-hidden=\"true\">\n          <svg class=\"u-svg-link\" viewBox=\"0 0 477.175 477.175\"><path d=\"M360.731,229.075l-225.1-225.1c-5.3-5.3-13.8-5.3-19.1,0s-5.3,13.8,0,19.1l215.5,215.5l-215.5,215.5\n                    c-5.3,5.3-5.3,13.8,0,19.1c2.6,2.6,6.1,4,9.5,4c3.4,0,6.9-1.3,9.5-4l225.1-225.1C365.931,242.875,365.931,234.275,360.731,229.075z\"><\/path><\/svg>\n        <\/span>\n        <span class=\"sr-only\">Next<\/span>\n      <\/a>\n    <\/section>\n    <section class=\"u-align-left u-black u-clearfix u-section-3\" id=\"carousel_2d4d\">\n      <div class=\"u-clearfix u-sheet u-sheet-1\">\n        <div class=\"u-custom-color-10 u-shape u-shape-rectangle u-shape-1\"><\/div>\n        <h2 class=\"u-text u-text-1\" data-animation-name=\"customAnimationIn\" data-animation-duration=\"1000\"> NE KRIJOJM\u00cb&nbsp; tend\u00cbn M\u00cb T\u00cb BUKUR\u00cbN P\u00cbR JU<\/h2>\n        <div class=\"u-gallery u-layout-grid u-lightbox u-show-text-on-hover u-gallery-1\">\n          <div class=\"u-gallery-inner u-gallery-inner-1\">\n            <div class=\"u-effect-fade u-gallery-item\">\n              <div class=\"u-back-slide\" data-image-width=\"1015\" data-image-height=\"838\">\n                <img class=\"u-back-image u-expanded u-back-image-1\" src=\"https:\/\/kameleoni.biz\/wp-content\/uploads\/2023\/02\/TendaKlasike2-3.jpg\">\n              <\/div>\n              <div class=\"u-over-slide u-shading u-over-slide-1\">\n                <h3 class=\"u-gallery-heading\"><\/h3>\n                <p class=\"u-gallery-text\"><\/p>\n              <\/div>\n            <\/div>\n            <div class=\"u-effect-fade u-gallery-item\">\n              <div class=\"u-back-slide\" data-image-width=\"1129\" data-image-height=\"819\">\n                <img class=\"u-back-image u-expanded u-back-image-2\" src=\"https:\/\/kameleoni.biz\/wp-content\/uploads\/2023\/02\/TendaKlasike3.jpg\">\n              <\/div>\n              <div class=\"u-over-slide u-shading u-over-slide-2\">\n                <h3 class=\"u-gallery-heading\"><\/h3>\n                <p class=\"u-gallery-text\"><\/p>\n              <\/div>\n            <\/div>\n            <div class=\"u-effect-fade u-gallery-item\">\n              <div class=\"u-back-slide\" data-image-width=\"1113\" data-image-height=\"827\">\n                <img class=\"u-back-image u-expanded u-back-image-3\" src=\"https:\/\/kameleoni.biz\/wp-content\/uploads\/2023\/02\/TendaKlasike.jpg\">\n              <\/div>\n              <div class=\"u-over-slide u-shading u-over-slide-3\">\n                <h3 class=\"u-gallery-heading\"><\/h3>\n                <p class=\"u-gallery-text\"><\/p>\n              <\/div>\n            <\/div>\n            <div class=\"u-effect-fade u-gallery-item\">\n              <div class=\"u-back-slide\" data-image-width=\"1132\" data-image-height=\"832\">\n                <img class=\"u-back-image u-expanded u-back-image-4\" src=\"https:\/\/kameleoni.biz\/wp-content\/uploads\/2023\/02\/TendaKlasike1-1.jpg\">\n              <\/div>\n              <div class=\"u-over-slide u-shading u-over-slide-4\">\n                <h3 class=\"u-gallery-heading\"><\/h3>\n                <p class=\"u-gallery-text\"><\/p>\n              <\/div>\n            <\/div>\n            <div class=\"u-effect-fade u-gallery-item\">\n              <div class=\"u-back-slide\" data-image-width=\"800\" data-image-height=\"906\">\n                <img class=\"u-back-image u-expanded u-back-image-5\" src=\"https:\/\/kameleoni.biz\/wp-content\/uploads\/2023\/02\/Awning-Blog-Image1-1.png\">\n              <\/div>\n              <div class=\"u-over-slide u-shading u-over-slide-5\">\n                <h3 class=\"u-gallery-heading\"><\/h3>\n                <p class=\"u-gallery-text\"><\/p>\n              <\/div>\n            <\/div>\n          <\/div>\n        <\/div>\n        <p class=\"u-text u-text-2\">Disa nga projektet tona&nbsp; te realizuara me Tenda Klasike n\u00eb hapsira t\u00eb&nbsp; ndryshme.<\/p>\n        <div class=\"u-effect-fade u-gallery-item u-gallery-item-6\">\n          <div class=\"u-back-slide\" data-image-width=\"1015\" data-image-height=\"838\">\n            <img class=\"u-back-image u-expanded u-back-image-6\" src=\"https:\/\/kameleoni.biz\/wp-content\/uploads\/2023\/02\/TendaKlasike2-3.jpg\">\n          <\/div>\n          <div class=\"u-over-slide u-shading u-over-slide-6\">\n            <h3 class=\"u-gallery-heading\"><\/h3>\n            <p class=\"u-gallery-text\"><\/p>\n          <\/div>\n        <\/div>\n      <\/div>\n    <\/section>\n    <section class=\"u-clearfix u-custom-color-10 u-section-4\" id=\"carousel_9053\">\n      <div class=\"u-expanded-width u-shape u-shape-rectangle u-white u-shape-1\"><\/div>\n      <div class=\"u-border-2 u-border-black u-container-style u-group u-radius-33 u-shape-round u-white u-group-1\">\n        <div class=\"u-container-layout u-valign-middle-xs u-container-layout-1\">\n          <h2 class=\"u-text u-text-default u-text-1\"> Keni nevoj\u00eb p\u00ebr detale&nbsp;<br>shtes\u00eb ?\n          <\/h2>\n          <div class=\"u-form u-form-1\">\n            <form action=\"https:\/\/forms.nicepagesrv.com\/v2\/form\/process\" class=\"u-clearfix u-form-spacing-13 u-form-vertical u-inner-form\" style=\"padding: 0px;\" source=\"email\" name=\"form-2\">\n              <div class=\"u-form-group u-form-name\">\n                <label for=\"name-da97\" class=\"u-label\" wfd-invisible=\"true\">Emri<\/label>\n                <input type=\"text\" placeholder=\"Sh\u00ebnoni Emrin tuaj\" id=\"name-da97\" name=\"name\" class=\"u-border-no-bottom u-border-no-left u-border-no-right u-border-no-top u-grey-5 u-input u-input-rectangle u-radius-10\" required=\"\">\n              <\/div>\n              <div class=\"u-form-group u-form-partition-factor-2 u-form-phone u-form-group-2\">\n                <label for=\"phone-10f2\" class=\"u-label\" wfd-invisible=\"true\">Telefoni<\/label>\n                <input type=\"tel\" pattern=\"\\+?\\d{0,3}[\\s\\(\\-]?([0-9]{2,3})[\\s\\)\\-]?([\\s\\-]?)([0-9]{3})[\\s\\-]?([0-9]{2})[\\s\\-]?([0-9]{2})\" placeholder=\"Sh\u00ebnoni Numrin tuaj t\u00eb sakt\u00eb\" id=\"phone-10f2\" name=\"phone\" class=\"u-border-no-bottom u-border-no-left u-border-no-right u-border-no-top u-grey-5 u-input u-input-rectangle u-radius-10\" required=\"\">\n              <\/div>\n              <div class=\"u-form-email u-form-group u-form-partition-factor-2\">\n                <label for=\"email-da97\" class=\"u-label\" wfd-invisible=\"true\">Emaili<\/label>\n                <input type=\"email\" placeholder=\"Sh\u00ebnoni E-Mail adres\u00ebn tuaj \" id=\"email-da97\" name=\"email\" class=\"u-border-no-bottom u-border-no-left u-border-no-right u-border-no-top u-grey-5 u-input u-input-rectangle u-radius-10\" required=\"\">\n              <\/div>\n              <div class=\"u-form-group u-form-submit\">\n                <a href=\"#\" class=\"u-active-grey-30 u-border-none u-btn u-btn-round u-btn-submit u-button-style u-hover-custom-color-10 u-palette-3-base u-radius-10 u-btn-1\">K\u00cbRKO DETALE SHTES\u00cb<\/a>\n                <input type=\"submit\" value=\"submit\" class=\"u-form-control-hidden\" wfd-invisible=\"true\">\n              <\/div>\n              <div class=\"u-form-send-message u-form-send-success\" wfd-invisible=\"true\">Ju faleminderit ! Porosia juaj ka shkuar me sukses.<\/div>\n              <div class=\"u-form-send-error u-form-send-message\" wfd-invisible=\"true\">D\u00ebshtoi !Ju lutem verifikoni t\u00eb dh\u00ebnat tuaj, provoni p\u00ebrs\u00ebri.<\/div>\n              <input type=\"hidden\" value=\"\" name=\"recaptchaResponse\" wfd-invisible=\"true\">\n              <input type=\"hidden\" name=\"formServices\" value=\"cd797094fd010ed6a5b44d5c85ef8375\">\n            <\/form>\n          <\/div>\n          <p class=\"u-text u-text-grey-50 u-text-2\"> N\u00ebse keni nevoj\u00eb p\u00ebr informata apo konsult\u00eb&nbsp; shtes\u00eb&nbsp; n\u00eb lidhje me produktin, na shkruani, ne do t\u00eb&nbsp; ju kontaktojm\u00eb dhe ofrojm\u00eb zgjidhjen e duhur p\u00ebr nevojat tuaja.&nbsp;<\/p>\n          <div class=\"u-social-icons u-spacing-20 u-social-icons-1\">\n            <a class=\"u-social-url\" target=\"_blank\" href=\"https:\/\/www.facebook.com\/kameleoni.shpk\" title=\"\"><span class=\"u-icon u-icon-circle u-social-facebook u-social-icon u-icon-1\">\n                    <svg class=\"u-svg-link\" preserveAspectRatio=\"xMidYMin slice\" viewBox=\"0 0 112 112\" style=\"\"><use xlink:href=\"#svg-50ee\"><\/use><\/svg>\n                    <svg xmlns=\"http:\/\/www.w3.org\/2000\/svg\" xmlns:xlink=\"http:\/\/www.w3.org\/1999\/xlink\" version=\"1.1\" xml:space=\"preserve\" class=\"u-svg-content\" viewBox=\"0 0 112 112\" x=\"0px\" y=\"0px\" id=\"svg-50ee\"><path d=\"M75.5,28.8H65.4c-1.5,0-4,0.9-4,4.3v9.4h13.9l-1.5,15.8H61.4v45.1H42.8V58.3h-8.8V42.4h8.8V32.2 c0-7.4,3.4-18.8,18.8-18.8h13.8v15.4H75.5z\"><\/path><\/svg>\n                  <\/span>\n            <\/a>\n            <a class=\"u-social-url\" target=\"_blank\" href=\"https:\/\/www.instagram.com\/kameleoni.llc\/\" title=\"\"><span class=\"u-icon u-icon-circle u-social-icon u-social-instagram u-icon-2\">\n                    <svg class=\"u-svg-link\" preserveAspectRatio=\"xMidYMin slice\" viewBox=\"0 0 112 112\" style=\"\"><use xlink:href=\"#svg-dd2a\"><\/use><\/svg>\n                    <svg xmlns=\"http:\/\/www.w3.org\/2000\/svg\" xmlns:xlink=\"http:\/\/www.w3.org\/1999\/xlink\" version=\"1.1\" xml:space=\"preserve\" class=\"u-svg-content\" viewBox=\"0 0 112 112\" x=\"0px\" y=\"0px\" id=\"svg-dd2a\"><path d=\"M55.9,32.9c-12.8,0-23.2,10.4-23.2,23.2s10.4,23.2,23.2,23.2s23.2-10.4,23.2-23.2S68.7,32.9,55.9,32.9z M55.9,69.4c-7.4,0-13.3-6-13.3-13.3c-0.1-7.4,6-13.3,13.3-13.3s13.3,6,13.3,13.3C69.3,63.5,63.3,69.4,55.9,69.4z\"><\/path><path d=\"M79.7,26.8c-3,0-5.4,2.5-5.4,5.4s2.5,5.4,5.4,5.4c3,0,5.4-2.5,5.4-5.4S82.7,26.8,79.7,26.8z\"><\/path><path d=\"M78.2,11H33.5C21,11,10.8,21.3,10.8,33.7v44.7c0,12.6,10.2,22.8,22.7,22.8h44.7c12.6,0,22.7-10.2,22.7-22.7 V33.7C100.8,21.1,90.6,11,78.2,11z M91,78.4c0,7.1-5.8,12.8-12.8,12.8H33.5c-7.1,0-12.8-5.8-12.8-12.8V33.7 c0-7.1,5.8-12.8,12.8-12.8h44.7c7.1,0,12.8,5.8,12.8,12.8V78.4z\"><\/path><\/svg>\n                  <\/span>\n            <\/a>\n          <\/div>\n        <\/div>\n      <\/div>\n    <\/section>\n    \n    \n    \n  \n","protected":false},"excerpt":{"rendered":"<p>TENDA KLASIKE Gjithmon\u00eb e bukur dhe elegante, asnj\u00ebhere e tep\u00ebrt n\u00eb paraqitje, Tenda Klasike zbukuron prej vitesh&nbsp; terasat dhe ballkonet e sht\u00ebpive, banesave, dhe lokaleve tona. Shum\u00eb llojshm\u00ebria e ngjyrave, thjesht\u00ebsia dhe cil\u00ebsia, b\u00ebn\u00eb q\u00eb Tendat Klasike t\u00eb g\u00ebzojn\u00eb popullratitet t\u00eb madh\u00eb nd\u00ebr vitesh kudo nep\u00ebr bot\u00eb.&nbsp;Mekanizmi kryesor\u00eb i Tend\u00ebs Klasike \u00ebsht\u00eb tubi i mb\u00ebshtjellur &hellip; <a href=\"https:\/\/kameleoni.biz\/index.php\/tenda-klasike\/\" class=\"more-link\">Continue reading<span class=\"screen-reader-text\"> &#8220;Tenda Klasike&#8221;<\/span><\/a><\/p>\n","protected":false},"author":1,"featured_media":0,"parent":0,"menu_order":0,"comment_status":"closed","ping_status":"closed","template":"","meta":{"om_disable_all_campaigns":false,"_monsterinsights_skip_tracking":false,"_monsterinsights_sitenote_active":false,"_monsterinsights_sitenote_note":"","_monsterinsights_sitenote_category":0},"aioseo_notices":[],"_links":{"self":[{"href":"https:\/\/kameleoni.biz\/index.php\/wp-json\/wp\/v2\/pages\/1202"}],"collection":[{"href":"https:\/\/kameleoni.biz\/index.php\/wp-json\/wp\/v2\/pages"}],"about":[{"href":"https:\/\/kameleoni.biz\/index.php\/wp-json\/wp\/v2\/types\/page"}],"author":[{"embeddable":true,"href":"https:\/\/kameleoni.biz\/index.php\/wp-json\/wp\/v2\/users\/1"}],"replies":[{"embeddable":true,"href":"https:\/\/kameleoni.biz\/index.php\/wp-json\/wp\/v2\/comments?post=1202"}],"version-history":[{"count":5,"href":"https:\/\/kameleoni.biz\/index.php\/wp-json\/wp\/v2\/pages\/1202\/revisions"}],"predecessor-version":[{"id":1308,"href":"https:\/\/kameleoni.biz\/index.php\/wp-json\/wp\/v2\/pages\/1202\/revisions\/1308"}],"wp:attachment":[{"href":"https:\/\/kameleoni.biz\/index.php\/wp-json\/wp\/v2\/media?parent=1202"}],"curies":[{"name":"wp","href":"https:\/\/api.w.org\/{rel}","templated":true}]}}